{"id":17,"date":"2017-01-02T08:36:21","date_gmt":"2017-01-02T08:36:21","guid":{"rendered":"https:\/\/demo.themegrill.com\/flash-default-2\/?page_id=17"},"modified":"2025-04-23T10:06:42","modified_gmt":"2025-04-23T10:06:42","slug":"about","status":"publish","type":"page","link":"https:\/\/www.gidierre.net\/?page_id=17","title":{"rendered":"Chi Siamo"},"content":{"rendered":"\n<p class=\"has-text-align-center\">L&#8217;uomo non smette di giocare perch\u00e8 invecchia, ma invecchia perch\u00e8 smette di giocare.\u201d\u00a0George Bernard Shaw<\/p>\n\n\n\n<p><strong>Chi siamo<\/strong><br>L&#8217;associazione <strong>Gidierre Net<\/strong> \u00e8 nata nel 2009 nel territorio tra la Liguria e la Toscana con lo scopo di promuovere il gioco di ruolo dal vivo e da tavolo.<br>Si \u00e8 sviluppata inizialmente con eventi di Gioco di Ruolo dal Vivo (Larp), per poi passare a maratone cartacee di Gdr nel territorio e partite dimostrative alle fiere. Negli anni, si sono aggiunte all&#8217;offerta una nuova Cronaca Live ispirata a Vampiri la Masquerade e il \u201cMarted\u00ec Gdr\u201d attualmente situato presso il circolo Arci della PA di Sarzana. <\/p>\n\n\n\n<p><strong>I nostri obiettivi<\/strong><br>L&#8217;associazione si pone come obiettivo il giocare e far giocare, promuovere il gioco in tutte le sue forme, conoscere meglio s\u00e9 stessi e creare connessioni tra le persone, mettere in contatto chi ha come noi questi hobby e incentivare la creazione di nuove amicizie. Favorire le interazioni tra le persone e non solo tramite il filtro dei social, ma in eventi in presenza con cui avere occasione di incontrarsi ed interagire sfruttando l&#8217;occasione per giocare e chiacchierare. <\/p>\n\n\n\n<p><strong>Le nostre proposte<\/strong><br>Al momento l&#8217;associazione organizza serate di Gdr aperte a chiunque voglia partecipare e una Cronaca di Gioco di Ruolo dal Vivo ispirata a Vampiri la Masquerade dal nome Lunae Murmura.<br>Le serate Gdr sono organizzate con vari gruppi in cui, con giochi e mondi diversi, si dipanano avventure e storie create dalle azioni dei giocatori presenti ai vari tavoli. I nostri associati, organizzandosi anche tramite le chat associative, si mettono d&#8217;accordo per portare e provare giochi, iniziare cronache o Oneshot.<br>Lunae Murmura \u00e8 una cronaca Live ambientata nella provincia di La Spezia e dintorni, ha luogo una sera ogni due mesi, in luoghi affittati per la serata, i partecipanti hanno occasione di vestire i panni del proprio personaggio, interpretarlo fisicamente e immergersi nella storia. <\/p>\n\n\n\n<p><strong>Che cos&#8217;\u00e8 un gioco di ruolo<\/strong><br>Nella sua forma pi\u00f9 tradizionale, un gioco di ruolo prevede che i partecipanti si riuniscano attorno a un tavolo e simulino di vivere in prima persona coinvolgenti avventure, sotto la guida di un giocatore pi\u00f9 esperto (detto master o narratore). Ognuno di loro interpreta un personaggio di fantasia, dotato di capacit\u00e0 particolari, diverse da quelle degli altri. Il compito del master consiste nel descrivere l&#8217;ambiente immaginario in cui si svolge il gioco, nel prospettare gli effetti delle azioni che possono essere compiute e nel vestire i panni di tutti gli altri personaggi che popolano il mondo e i nemici previsti.<br>Esistono molti giochi con regole e ambientazioni differenti a disposizione di chi vuole provare, ed ,oltre a fornire i luoghi dove ambientare le storie che ci si appresta a giocare, ci danno delle regole per creare i personaggi e gestirli attraverso le loro avventure la riuscita o meno delle loro imprese. Un\u2019avventura pu\u00f2 essere organizzata in modo tale da iniziare e finire nell&#8217;arco di una sola serata o pomeriggio (oneshot), oppure protrarsi nel tempo e con appuntamenti regolari<br>venire portata avanti dallo stesso gruppo. <\/p>\n\n\n\n<p><strong>Cosa \u00e8 il gioco di ruolo dal vivo<\/strong><br>In questo caso i partecipanti dei giochi di ruolo possono divertirsi a dare corpo ai propri personaggi, indossando direttamente gli abiti del personaggio interpretato, come se dovessero recitare in una finzione teatrale o cinematografica. Partendo da tale presupposto, si possono svolgere sessioni non al tavolo, ma in un adeguato e pi\u00f9 ampio scenario (delle sale, campagna, un bosco, la piazza di un paese, le rovine di un castello, e cos\u00ec via). Questo modo di giocare ai giochi di ruolo viene detto dal vivo o anche Live (Larp in inglese); nel gioco dal vivo il compito del master viene assunto da pi\u00f9 persone, le quali, oltre a controllare lo svolgimento delle varie azioni, descrivono a parole tutto ci\u00f2 che \u00e8 difficilmente simulabile (magie, incantesimi e potenziali catastrofi). Gli eventuali combattimenti, a seconda della tipologia di gioco, possono essere verbali a turni, come presso i nostri eventi, o effettuati utilizzando innocue riproduzioni in gommapiuma delle armi previste. Incontri del genere vengono disputati abitualmente tra una quindicina di persone e durano solo alcune ore; in speciali occasioni, per\u00f2, possono arrivare a impegnare vari giorni, con il coinvolgimento di centinaia di partecipanti. <\/p>\n\n\n\n<p><strong>Benefici del Gioco di Ruolo<\/strong><br>Attraverso l\u2019interpretazione di personaggi creati dalla propria fantasia, i giocatori hanno occasione di crescita personale, miglioramento delle competenze sociali e gestione dello stress, il tutto in un ambiente sicuro, attraverso il filtro del gioco, che permette di superare le resistenze e i blocchi della vita reale.<br><em>Esplorazione e sfogo delle Emozioni: <\/em>Il gioco di ruolo permette di esternare emozioni difficili da esprimere direttamente, spesso represse, come rabbia, tristezza o ansia. Le situazioni del proprio personaggio possono aiutare ad esprimere conflitti interni in modo sicuro e controllato.<br><em>Sviluppo di Competenze Sociali:<\/em> Durante le sessioni di gioco, i partecipanti imparano a comunicare, condividere, cooperare e risolvere problemi e diversi tipi di situazioni. Questo processo rafforza le loro abilit\u00e0 sociali.<br><em>Gestione dello Stress: <\/em>Interpretando situazioni di forte pressione emotiva, in un contesto di gioco, si possono affrontare e gestire paure. Ad esempio, interpretando un personaggio che affronta una situazione stressante, si \u00e8 liberi dall\u2019ansia che si avrebbe nella realt\u00e0 ma in un ambiente privo di minacce reali e quindi in un  contesto pi\u00f9 controllato.<br><em>Stimolo alla Creativit\u00e0: <\/em>Il gioco di ruolo stimola la creativit\u00e0 e permette a chi lo pratica di incrementare le proprie capacit\u00e0 di ragionamento sperimentando soluzioni diverse ai problemi, prospettive differenti e il cosiddetto pensiero laterale.<\/p>\n\n\n\n<p>Attualmente il <strong>consiglio direttivo<\/strong> \u00e8 cos\u00ec composto: <\/p>\n\n\n\n<ul class=\"wp-block-list\">\n<li>Presidente: Michele Buriassi <\/li>\n\n\n\n<li>Tesoriere: Filippo Bernardini<\/li>\n\n\n\n<li>Vice Presidente: Andrea Garrone <\/li>\n\n\n\n<li>Segretario: Barbara Canton <\/li>\n\n\n\n<li>Consigliere: Alessandra Bracco <\/li>\n\n\n\n<li>Consigliere: Lavinia Sanquerin<\/li>\n\n\n\n<li>Consigliere: Alessio De Sanctis<\/li>\n<\/ul>\n\n\n\n<p>Per qualunque <strong>informazione<\/strong>, contattateci tramite i diversi canali a disposizione:<\/p>\n\n\n\n<ul class=\"wp-block-list\">\n<li>Facebook: <a href=\"https:\/\/www.facebook.com\/gidierrenet\/\">https:\/\/www.facebook.com\/gidierrenet\/<\/a><\/li>\n\n\n\n<li>Instagram: <a href=\"https:\/\/www.instagram.com\/gidierre_net\/?hl=en\">https:\/\/www.instagram.com\/gidierre_net\/?hl=en<\/a><\/li>\n\n\n\n<li>Twitter: <a href=\"https:\/\/twitter.com\/GidierreNet\">https:\/\/twitter.com\/GidierreNet<\/a><\/li>\n\n\n\n<li>Indirizzo email: staff.gidierre@gmail.com<\/li>\n\n\n\n<li>Sito ufficiale: <a href=\"https:\/\/www.gidierre.net\/\">https:\/\/www.gidierre.net<\/a><\/li>\n\n\n\n<li>Whatsapp: +39 3289442843 <\/li>\n<\/ul>\n","protected":false},"excerpt":{"rendered":"<p>L&#8217;uomo non smette di giocare perch\u00e8 invecchia, ma invecchia perch\u00e8 smette di giocare.\u201d\u00a0George Bernard Shaw Chi siamoL&#8217;associazione Gidierre Net \u00e8 [&hellip;]<\/p>\n","protected":false},"author":1,"featured_media":0,"parent":0,"menu_order":0,"comment_status":"closed","ping_status":"closed","template":"","meta":{"footnotes":""},"class_list":["post-17","page","type-page","status-publish","hentry"],"jetpack_sharing_enabled":true,"_links":{"self":[{"href":"https:\/\/www.gidierre.net\/index.php?rest_route=\/wp\/v2\/pages\/17","targetHints":{"allow":["GET"]}}],"collection":[{"href":"https:\/\/www.gidierre.net\/index.php?rest_route=\/wp\/v2\/pages"}],"about":[{"href":"https:\/\/www.gidierre.net\/index.php?rest_route=\/wp\/v2\/types\/page"}],"author":[{"embeddable":true,"href":"https:\/\/www.gidierre.net\/index.php?rest_route=\/wp\/v2\/users\/1"}],"replies":[{"embeddable":true,"href":"https:\/\/www.gidierre.net\/index.php?rest_route=%2Fwp%2Fv2%2Fcomments&post=17"}],"version-history":[{"count":6,"href":"https:\/\/www.gidierre.net\/index.php?rest_route=\/wp\/v2\/pages\/17\/revisions"}],"predecessor-version":[{"id":1074,"href":"https:\/\/www.gidierre.net\/index.php?rest_route=\/wp\/v2\/pages\/17\/revisions\/1074"}],"wp:attachment":[{"href":"https:\/\/www.gidierre.net\/index.php?rest_route=%2Fwp%2Fv2%2Fmedia&parent=17"}],"curies":[{"name":"wp","href":"https:\/\/api.w.org\/{rel}","templated":true}]}}